{"id":2230,"date":"2022-12-25T16:23:46","date_gmt":"2022-12-25T15:23:46","guid":{"rendered":"https:\/\/online.teledom.sk\/faq\/"},"modified":"2023-03-26T12:47:10","modified_gmt":"2023-03-26T10:47:10","slug":"faq","status":"publish","type":"page","link":"https:\/\/online.teledom.sk\/en\/faq\/","title":{"rendered":"FAQ"},"content":{"rendered":"\t\t<div data-elementor-type=\"wp-page\" data-elementor-id=\"2230\" class=\"elementor elementor-2230 elementor-392\" data-elementor-post-type=\"page\">\n\t\t\t\t\t\t<section class=\"elementor-section elementor-top-section elementor-element elementor-element-2e45471 elementor-section-height-min-height elementor-section-boxed elementor-section-height-default elementor-section-items-middle\" data-id=\"2e45471\" data-element_type=\"section\" data-settings=\"{&quot;background_background&quot;:&quot;classic&quot;}\">\n\t\t\t\t\t\t\t<div class=\"elementor-background-overlay\"><\/div>\n\t\t\t\t\t\t\t<div class=\"elementor-container elementor-column-gap-default\">\n\t\t\t\t\t<div class=\"elementor-column elementor-col-100 elementor-top-column elementor-element elementor-element-a4c159c\" data-id=\"a4c159c\" data-element_type=\"column\">\n\t\t\t<div class=\"elementor-widget-wrap elementor-element-populated\">\n\t\t\t\t\t\t<div class=\"elementor-element elementor-element-9a7b342 elementor-widget elementor-widget-heading\" data-id=\"9a7b342\" data-element_type=\"widget\" data-widget_type=\"heading.default\">\n\t\t\t\t<div class=\"elementor-widget-container\">\n\t\t\t<style>\/*! elementor - v3.19.0 - 07-02-2024 *\/\n.elementor-heading-title{padding:0;margin:0;line-height:1}.elementor-widget-heading .elementor-heading-title[class*=elementor-size-]>a{color:inherit;font-size:inherit;line-height:inherit}.elementor-widget-heading .elementor-heading-title.elementor-size-small{font-size:15px}.elementor-widget-heading .elementor-heading-title.elementor-size-medium{font-size:19px}.elementor-widget-heading .elementor-heading-title.elementor-size-large{font-size:29px}.elementor-widget-heading .elementor-heading-title.elementor-size-xl{font-size:39px}.elementor-widget-heading .elementor-heading-title.elementor-size-xxl{font-size:59px}<\/style><h1 class=\"elementor-heading-title elementor-size-default\">FAQ<\/h1>\t\t<\/div>\n\t\t\t\t<\/div>\n\t\t\t\t\t<\/div>\n\t\t<\/div>\n\t\t\t\t\t<\/div>\n\t\t<\/section>\n\t\t\t\t<section class=\"elementor-section elementor-top-section elementor-element elementor-element-fb91cac elementor-section-boxed elementor-section-height-default elementor-section-height-default\" data-id=\"fb91cac\" data-element_type=\"section\">\n\t\t\t\t\t\t<div class=\"elementor-container elementor-column-gap-default\">\n\t\t\t\t\t<div class=\"elementor-column elementor-col-100 elementor-top-column elementor-element elementor-element-dbec732\" data-id=\"dbec732\" data-element_type=\"column\">\n\t\t\t<div class=\"elementor-widget-wrap elementor-element-populated\">\n\t\t\t\t\t\t<div class=\"elementor-element elementor-element-2bc02fa elementor-widget elementor-widget-heading\" data-id=\"2bc02fa\" data-element_type=\"widget\" data-widget_type=\"heading.default\">\n\t\t\t\t<div class=\"elementor-widget-container\">\n\t\t\t<h2 class=\"elementor-heading-title elementor-size-default\">FAQ<\/h2>\t\t<\/div>\n\t\t\t\t<\/div>\n\t\t\t\t<div class=\"elementor-element elementor-element-f0a4378 elementor-widget elementor-widget-text-editor\" data-id=\"f0a4378\" data-element_type=\"widget\" data-widget_type=\"text-editor.default\">\n\t\t\t\t<div class=\"elementor-widget-container\">\n\t\t\t<style>\/*! elementor - v3.19.0 - 07-02-2024 *\/\n.elementor-widget-text-editor.elementor-drop-cap-view-stacked .elementor-drop-cap{background-color:#69727d;color:#fff}.elementor-widget-text-editor.elementor-drop-cap-view-framed .elementor-drop-cap{color:#69727d;border:3px solid;background-color:transparent}.elementor-widget-text-editor:not(.elementor-drop-cap-view-default) .elementor-drop-cap{margin-top:8px}.elementor-widget-text-editor:not(.elementor-drop-cap-view-default) .elementor-drop-cap-letter{width:1em;height:1em}.elementor-widget-text-editor .elementor-drop-cap{float:left;text-align:center;line-height:1;font-size:50px}.elementor-widget-text-editor .elementor-drop-cap-letter{display:inline-block}<\/style>\t\t\t\t<p>The list will be gradually completed with the growth of TeleDom.online services and based on your questions, which you can ask in the Chatbox window in the lower right part of our pages. You can contact us by email at: online@teledom.sk or by phone, nonstop: +421 553274402.<\/p>\n\t\t\t\t\t\t<\/div>\n\t\t\t\t<\/div>\n\t\t\t\t<div class=\"elementor-element elementor-element-eb92b71 elementor-widget elementor-widget-accordion\" data-id=\"eb92b71\" data-element_type=\"widget\" data-widget_type=\"accordion.default\">\n\t\t\t\t<div class=\"elementor-widget-container\">\n\t\t\t<style>.elementor-accordion{text-align:left}.elementor-accordion .elementor-accordion-item{border:1px solid #d5d8dc}.elementor-accordion .elementor-accordion-item+.elementor-accordion-item{border-top:none}.elementor-accordion .elementor-tab-title{margin:0;padding:15px 20px;font-weight:700;line-height:1;cursor:pointer;outline:none}.elementor-accordion .elementor-tab-title .elementor-accordion-icon{display:inline-block;width:1.5em}.elementor-accordion .elementor-tab-title .elementor-accordion-icon svg{width:1em;height:1em}.elementor-accordion .elementor-tab-title .elementor-accordion-icon.elementor-accordion-icon-right{float:right;text-align:right}.elementor-accordion .elementor-tab-title .elementor-accordion-icon.elementor-accordion-icon-left{float:left;text-align:left}.elementor-accordion .elementor-tab-title .elementor-accordion-icon .elementor-accordion-icon-closed{display:block}.elementor-accordion .elementor-tab-title .elementor-accordion-icon .elementor-accordion-icon-opened,.elementor-accordion .elementor-tab-title.elementor-active .elementor-accordion-icon-closed{display:none}.elementor-accordion .elementor-tab-title.elementor-active .elementor-accordion-icon-opened{display:block}.elementor-accordion .elementor-tab-content{display:none;padding:15px 20px;border-top:1px solid #d5d8dc}@media (max-width:767px){.elementor-accordion .elementor-tab-title{padding:12px 15px}.elementor-accordion .elementor-tab-title .elementor-accordion-icon{width:1.2em}.elementor-accordion .elementor-tab-content{padding:7px 15px}}.e-con-inner>.elementor-widget-accordion,.e-con>.elementor-widget-accordion{width:var(--container-widget-width);--flex-grow:var(--container-widget-flex-grow)}<\/style>\t\t<div class=\"elementor-accordion\">\n\t\t\t\t\t\t\t<div class=\"elementor-accordion-item\">\n\t\t\t\t\t<div id=\"elementor-tab-title-2471\" class=\"elementor-tab-title\" data-tab=\"1\" role=\"button\" aria-controls=\"elementor-tab-content-2471\" aria-expanded=\"false\">\n\t\t\t\t\t\t\t\t\t\t\t\t\t<span class=\"elementor-accordion-icon elementor-accordion-icon-left\" aria-hidden=\"true\">\n\t\t\t\t\t\t\t\t\t\t\t\t\t\t\t<span class=\"elementor-accordion-icon-closed\"><i class=\"fas fa-plus\"><\/i><\/span>\n\t\t\t\t\t\t\t\t<span class=\"elementor-accordion-icon-opened\"><i class=\"fas fa-minus\"><\/i><\/span>\n\t\t\t\t\t\t\t\t\t\t\t\t\t\t<\/span>\n\t\t\t\t\t\t\t\t\t\t\t\t<a class=\"elementor-accordion-title\" tabindex=\"0\">Where and how can I register?<\/a>\n\t\t\t\t\t<\/div>\n\t\t\t\t\t<div id=\"elementor-tab-content-2471\" class=\"elementor-tab-content elementor-clearfix\" data-tab=\"1\" role=\"region\" aria-labelledby=\"elementor-tab-title-2471\"><p><strong>Registration is easy<\/strong> and quick. Just go to the <a href=\"https:\/\/online.teledom.sk\/registracia-hosta\/\"><strong>Contact\/Guest<\/strong><\/a> Registration section, fill in the required data, and submit the registration. <strong>Select the <a href=\"https:\/\/online.teledom.sk\/registracia-hosta\/\">service<\/a> you are interested<\/strong> in during registration from the drop-down box. A registered <strong>Guest of TeleDom.online has the free right to:<\/strong><\/p>\n<ul>\n<li>watch all public meetings<\/li>\n<li>access all additional information about meetings and courses<\/li>\n<li>receive a weekly Newsletter about the previous week&#8217;s events and an overview of the following week&#8217;s events<\/li>\n<\/ul>\n<\/div>\n\t\t\t\t<\/div>\n\t\t\t\t\t\t\t<div class=\"elementor-accordion-item\">\n\t\t\t\t\t<div id=\"elementor-tab-title-2472\" class=\"elementor-tab-title\" data-tab=\"2\" role=\"button\" aria-controls=\"elementor-tab-content-2472\" aria-expanded=\"false\">\n\t\t\t\t\t\t\t\t\t\t\t\t\t<span class=\"elementor-accordion-icon elementor-accordion-icon-left\" aria-hidden=\"true\">\n\t\t\t\t\t\t\t\t\t\t\t\t\t\t\t<span class=\"elementor-accordion-icon-closed\"><i class=\"fas fa-plus\"><\/i><\/span>\n\t\t\t\t\t\t\t\t<span class=\"elementor-accordion-icon-opened\"><i class=\"fas fa-minus\"><\/i><\/span>\n\t\t\t\t\t\t\t\t\t\t\t\t\t\t<\/span>\n\t\t\t\t\t\t\t\t\t\t\t\t<a class=\"elementor-accordion-title\" tabindex=\"0\">What do I need to know before joining an online meeting?<\/a>\n\t\t\t\t\t<\/div>\n\t\t\t\t\t<div id=\"elementor-tab-content-2472\" class=\"elementor-tab-content elementor-clearfix\" data-tab=\"2\" role=\"region\" aria-labelledby=\"elementor-tab-title-2472\"><p>Access to every online meeting is allowed only to <a href=\"https:\/\/online.teledom.sk\/registracia-hosta\/\">registered<\/a> users. Before each meeting, you will receive a link (URL address) to enter the meeting. For the sake of transparency of TeleDom.online meetings, we ask you to enter your name and surname for communication between lecturers and participants. If you are just listening, it is reasonable to have the microphone muted so that you do not disturb the speaker and other participants with possible sounds from your surroundings.<\/p>\n<\/div>\n\t\t\t\t<\/div>\n\t\t\t\t\t\t\t<div class=\"elementor-accordion-item\">\n\t\t\t\t\t<div id=\"elementor-tab-title-2473\" class=\"elementor-tab-title\" data-tab=\"3\" role=\"button\" aria-controls=\"elementor-tab-content-2473\" aria-expanded=\"false\">\n\t\t\t\t\t\t\t\t\t\t\t\t\t<span class=\"elementor-accordion-icon elementor-accordion-icon-left\" aria-hidden=\"true\">\n\t\t\t\t\t\t\t\t\t\t\t\t\t\t\t<span class=\"elementor-accordion-icon-closed\"><i class=\"fas fa-plus\"><\/i><\/span>\n\t\t\t\t\t\t\t\t<span class=\"elementor-accordion-icon-opened\"><i class=\"fas fa-minus\"><\/i><\/span>\n\t\t\t\t\t\t\t\t\t\t\t\t\t\t<\/span>\n\t\t\t\t\t\t\t\t\t\t\t\t<a class=\"elementor-accordion-title\" tabindex=\"0\">What can I buy? - Paid services<\/a>\n\t\t\t\t\t<\/div>\n\t\t\t\t\t<div id=\"elementor-tab-content-2473\" class=\"elementor-tab-content elementor-clearfix\" data-tab=\"3\" role=\"region\" aria-labelledby=\"elementor-tab-title-2473\"><p>A Registered Guest can purchase the following services for events <strong>marked as Private<\/strong> &#8211; entry for invited users only:<\/p>\n<ul>\n<li>CREDIT: purchase the time credit before the meeting. One Credit = \u20ac10 + VAT. Each meeting has a listed credit value. The user can use the purchased credits for several meetings\/events.<\/li>\n<li>CLUB: purchase the right to participate in all meetings and exercises of digital and language skills for one month.<\/li>\n<li>SPECIAL: purchase special services pre-ordered by corporate and individual TeleDom customers, such as the purchase of services for groups of employees, payments for in person events in TeleDom facilities (conference services, auditorium rental, lunches and coffee breaks for training participants, accommodation in Hotel TeleDom, etc.)<\/li>\n<\/ul>\n<p>Payments can be made by credit card or bank transfer. In-person events at TeleDom facilities (Timonova ulica 27, Ko\u0161ice) can also be paid by cash.<\/p>\n<\/div>\n\t\t\t\t<\/div>\n\t\t\t\t\t\t\t\t<\/div>\n\t\t\t\t<\/div>\n\t\t\t\t<\/div>\n\t\t\t\t\t<\/div>\n\t\t<\/div>\n\t\t\t\t\t<\/div>\n\t\t<\/section>\n\t\t\t\t<\/div>\n\t\t","protected":false},"excerpt":{"rendered":"<p>FAQ FAQ The list will be gradually completed with the growth of TeleDom.online services and based on your questions, which you can ask in the Chatbox window in the lower right part of our pages. You can contact us by email at: online@teledom.sk or by phone, nonstop: +421 553274402. Where and how can I register? [&hellip;]<\/p>\n","protected":false},"author":2,"featured_media":0,"parent":0,"menu_order":0,"comment_status":"closed","ping_status":"closed","template":"elementor_header_footer","meta":{"_monsterinsights_skip_tracking":false,"_monsterinsights_sitenote_active":false,"_monsterinsights_sitenote_note":"","_monsterinsights_sitenote_category":0,"footnotes":""},"class_list":["post-2230","page","type-page","status-publish","hentry"],"yoast_head":"<!-- This site is optimized with the Yoast SEO plugin v24.7 - https:\/\/yoast.com\/wordpress\/plugins\/seo\/ -->\n<title>FAQ | Online TeleDom<\/title>\n<meta name=\"robots\" content=\"index, follow, max-snippet:-1, max-image-preview:large, max-video-preview:-1\" \/>\n<link rel=\"canonical\" href=\"https:\/\/online.teledom.sk\/en\/faq\/\" \/>\n<meta property=\"og:locale\" content=\"en_US\" \/>\n<meta property=\"og:type\" content=\"article\" \/>\n<meta property=\"og:title\" content=\"FAQ | Online TeleDom\" \/>\n<meta property=\"og:description\" content=\"FAQ FAQ The list will be gradually completed with the growth of TeleDom.online services and based on your questions, which you can ask in the Chatbox window in the lower right part of our pages. You can contact us by email at: online@teledom.sk or by phone, nonstop: +421 553274402. Where and how can I register? [&hellip;]\" \/>\n<meta property=\"og:url\" content=\"https:\/\/online.teledom.sk\/en\/faq\/\" \/>\n<meta property=\"og:site_name\" content=\"Online TeleDom\" \/>\n<meta property=\"article:modified_time\" content=\"2023-03-26T10:47:10+00:00\" \/>\n<meta name=\"twitter:card\" content=\"summary_large_image\" \/>\n<meta name=\"twitter:label1\" content=\"Est. reading time\" \/>\n\t<meta name=\"twitter:data1\" content=\"2 minutes\" \/>\n<script type=\"application\/ld+json\" class=\"yoast-schema-graph\">{\"@context\":\"https:\/\/schema.org\",\"@graph\":[{\"@type\":\"WebPage\",\"@id\":\"https:\/\/online.teledom.sk\/en\/faq\/\",\"url\":\"https:\/\/online.teledom.sk\/en\/faq\/\",\"name\":\"FAQ | Online TeleDom\",\"isPartOf\":{\"@id\":\"https:\/\/online.teledom.sk\/en\/#website\"},\"datePublished\":\"2022-12-25T15:23:46+00:00\",\"dateModified\":\"2023-03-26T10:47:10+00:00\",\"breadcrumb\":{\"@id\":\"https:\/\/online.teledom.sk\/en\/faq\/#breadcrumb\"},\"inLanguage\":\"en-US\",\"potentialAction\":[{\"@type\":\"ReadAction\",\"target\":[\"https:\/\/online.teledom.sk\/en\/faq\/\"]}]},{\"@type\":\"BreadcrumbList\",\"@id\":\"https:\/\/online.teledom.sk\/en\/faq\/#breadcrumb\",\"itemListElement\":[{\"@type\":\"ListItem\",\"position\":1,\"name\":\"Home\",\"item\":\"https:\/\/online.teledom.sk\/en\/\"},{\"@type\":\"ListItem\",\"position\":2,\"name\":\"FAQ\"}]},{\"@type\":\"WebSite\",\"@id\":\"https:\/\/online.teledom.sk\/en\/#website\",\"url\":\"https:\/\/online.teledom.sk\/en\/\",\"name\":\"Online TeleDom\",\"description\":\"Roz\u0161\u00edrte si svoje vedomost\u00ed online!\",\"publisher\":{\"@id\":\"https:\/\/online.teledom.sk\/en\/#organization\"},\"potentialAction\":[{\"@type\":\"SearchAction\",\"target\":{\"@type\":\"EntryPoint\",\"urlTemplate\":\"https:\/\/online.teledom.sk\/en\/?s={search_term_string}\"},\"query-input\":{\"@type\":\"PropertyValueSpecification\",\"valueRequired\":true,\"valueName\":\"search_term_string\"}}],\"inLanguage\":\"en-US\"},{\"@type\":\"Organization\",\"@id\":\"https:\/\/online.teledom.sk\/en\/#organization\",\"name\":\"Online TeleDom\",\"url\":\"https:\/\/online.teledom.sk\/en\/\",\"logo\":{\"@type\":\"ImageObject\",\"inLanguage\":\"en-US\",\"@id\":\"https:\/\/online.teledom.sk\/en\/#\/schema\/logo\/image\/\",\"url\":\"https:\/\/online.teledom.sk\/wp-content\/uploads\/2022\/12\/logo.webp\",\"contentUrl\":\"https:\/\/online.teledom.sk\/wp-content\/uploads\/2022\/12\/logo.webp\",\"width\":191,\"height\":46,\"caption\":\"Online TeleDom\"},\"image\":{\"@id\":\"https:\/\/online.teledom.sk\/en\/#\/schema\/logo\/image\/\"}}]}<\/script>\n<!-- \/ Yoast SEO plugin. -->","yoast_head_json":{"title":"FAQ | Online TeleDom","robots":{"index":"index","follow":"follow","max-snippet":"max-snippet:-1","max-image-preview":"max-image-preview:large","max-video-preview":"max-video-preview:-1"},"canonical":"https:\/\/online.teledom.sk\/en\/faq\/","og_locale":"en_US","og_type":"article","og_title":"FAQ | Online TeleDom","og_description":"FAQ FAQ The list will be gradually completed with the growth of TeleDom.online services and based on your questions, which you can ask in the Chatbox window in the lower right part of our pages. You can contact us by email at: online@teledom.sk or by phone, nonstop: +421 553274402. Where and how can I register? [&hellip;]","og_url":"https:\/\/online.teledom.sk\/en\/faq\/","og_site_name":"Online TeleDom","article_modified_time":"2023-03-26T10:47:10+00:00","twitter_card":"summary_large_image","twitter_misc":{"Est. reading time":"2 minutes"},"schema":{"@context":"https:\/\/schema.org","@graph":[{"@type":"WebPage","@id":"https:\/\/online.teledom.sk\/en\/faq\/","url":"https:\/\/online.teledom.sk\/en\/faq\/","name":"FAQ | Online TeleDom","isPartOf":{"@id":"https:\/\/online.teledom.sk\/en\/#website"},"datePublished":"2022-12-25T15:23:46+00:00","dateModified":"2023-03-26T10:47:10+00:00","breadcrumb":{"@id":"https:\/\/online.teledom.sk\/en\/faq\/#breadcrumb"},"inLanguage":"en-US","potentialAction":[{"@type":"ReadAction","target":["https:\/\/online.teledom.sk\/en\/faq\/"]}]},{"@type":"BreadcrumbList","@id":"https:\/\/online.teledom.sk\/en\/faq\/#breadcrumb","itemListElement":[{"@type":"ListItem","position":1,"name":"Home","item":"https:\/\/online.teledom.sk\/en\/"},{"@type":"ListItem","position":2,"name":"FAQ"}]},{"@type":"WebSite","@id":"https:\/\/online.teledom.sk\/en\/#website","url":"https:\/\/online.teledom.sk\/en\/","name":"Online TeleDom","description":"Roz\u0161\u00edrte si svoje vedomost\u00ed online!","publisher":{"@id":"https:\/\/online.teledom.sk\/en\/#organization"},"potentialAction":[{"@type":"SearchAction","target":{"@type":"EntryPoint","urlTemplate":"https:\/\/online.teledom.sk\/en\/?s={search_term_string}"},"query-input":{"@type":"PropertyValueSpecification","valueRequired":true,"valueName":"search_term_string"}}],"inLanguage":"en-US"},{"@type":"Organization","@id":"https:\/\/online.teledom.sk\/en\/#organization","name":"Online TeleDom","url":"https:\/\/online.teledom.sk\/en\/","logo":{"@type":"ImageObject","inLanguage":"en-US","@id":"https:\/\/online.teledom.sk\/en\/#\/schema\/logo\/image\/","url":"https:\/\/online.teledom.sk\/wp-content\/uploads\/2022\/12\/logo.webp","contentUrl":"https:\/\/online.teledom.sk\/wp-content\/uploads\/2022\/12\/logo.webp","width":191,"height":46,"caption":"Online TeleDom"},"image":{"@id":"https:\/\/online.teledom.sk\/en\/#\/schema\/logo\/image\/"}}]}},"_links":{"self":[{"href":"https:\/\/online.teledom.sk\/en\/wp-json\/wp\/v2\/pages\/2230","targetHints":{"allow":["GET"]}}],"collection":[{"href":"https:\/\/online.teledom.sk\/en\/wp-json\/wp\/v2\/pages"}],"about":[{"href":"https:\/\/online.teledom.sk\/en\/wp-json\/wp\/v2\/types\/page"}],"author":[{"embeddable":true,"href":"https:\/\/online.teledom.sk\/en\/wp-json\/wp\/v2\/users\/2"}],"replies":[{"embeddable":true,"href":"https:\/\/online.teledom.sk\/en\/wp-json\/wp\/v2\/comments?post=2230"}],"version-history":[{"count":1,"href":"https:\/\/online.teledom.sk\/en\/wp-json\/wp\/v2\/pages\/2230\/revisions"}],"predecessor-version":[{"id":2231,"href":"https:\/\/online.teledom.sk\/en\/wp-json\/wp\/v2\/pages\/2230\/revisions\/2231"}],"wp:attachment":[{"href":"https:\/\/online.teledom.sk\/en\/wp-json\/wp\/v2\/media?parent=2230"}],"curies":[{"name":"wp","href":"https:\/\/api.w.org\/{rel}","templated":true}]}}